{"id":36,"date":"2017-02-16T09:13:19","date_gmt":"2017-02-16T08:13:19","guid":{"rendered":"http:\/\/mxajfmgl.preview.infomaniak.website\/?page_id=36"},"modified":"2025-11-24T22:50:20","modified_gmt":"2025-11-24T21:50:20","slug":"home","status":"publish","type":"page","link":"https:\/\/neuropsyphy.io\/","title":{"rendered":"Accueil"},"content":{"rendered":"\n<div class=\"wp-block-group alignwide is-vertical is-layout-flex wp-container-core-group-is-layout-8cf370e7 wp-block-group-is-layout-flex\">\n<p class=\"has-small-font-size\">Je suis un physicien.<\/p>\n\n\n\n<p class=\"has-small-font-size\">J&rsquo;ai cr\u00e9\u00e9 Neuropsyphy avec le but de d\u00e9velopper et diss\u00e9miner des m\u00e9thodes et techniques scientifiques de pointes qui permettent de mesurer principalement, et de mani\u00e8re non-invasive, des param\u00e8tres sp\u00e9cifiques d&rsquo;une partie du syst\u00e8me perceptif ou du syst\u00e8me nerveux. Ceci peut \u00eatre fait par des m\u00e9thodes comportementales, par exemple la psychophysique, ou bien d&rsquo;\u00e9lectro-graphies (EEG, ECG, EMG), combin\u00e9es \u00e0 des m\u00e9thodes de mod\u00e9lisations du syst\u00e8me nerveux (mod\u00e9lisation neurocomputationnelle).<\/p>\n\n\n\n<p class=\"has-small-font-size\">Je suis dipl\u00f4m\u00e9 du baccalaur\u00e9at, options scientifique et technique, au Lyc\u00e9e Blaise Pascal de Colmar (1993), dipl\u00f4m\u00e9 de l&rsquo;Universit\u00e9 de Strasbourg sous le syst\u00e8me d&rsquo;enseignement sup\u00e9rieur pr\u00e9c\u00e9dent, avec un cursus de physique : DEUG Physique (1995), Licence de Physique (1996) effectu\u00e9e en Erasmus \u00e0 Manchester (G.B.), Ma\u00eetrise de Physique (1997), DEA Physique Subatomique : Instrumentation et mod\u00e9lisation (1998). J&rsquo;ai travaill\u00e9 pendant environ 20 ans, doctorats inclus, en recherche scientifique publique dans diff\u00e9rents pays.<\/p>\n<\/div>\n","protected":false},"excerpt":{"rendered":"<p>Je suis un physicien. J&rsquo;ai cr\u00e9\u00e9 Neuropsyphy avec le but de d\u00e9velopper et diss\u00e9miner des m\u00e9thodes et techniques scientifiques de pointes qui permettent de mesurer principalement, et de mani\u00e8re non-invasive, des param\u00e8tres sp\u00e9cifiques d&rsquo;une partie du syst\u00e8me perceptif ou du syst\u00e8me nerveux. Ceci peut \u00eatre fait par des m\u00e9thodes comportementales, par exemple la psychophysique, ou &hellip; <\/p>\n<p class=\"link-more\"><a href=\"https:\/\/neuropsyphy.io\/\" class=\"more-link\">Continuer la lecture <span class=\"screen-reader-text\"> \u00ab\u00a0Accueil\u00a0\u00bb<\/span><\/a><\/p>\n","protected":false},"author":0,"featured_media":0,"parent":0,"menu_order":0,"comment_status":"closed","ping_status":"closed","template":"","meta":{"footnotes":""},"class_list":["post-36","page","type-page","status-publish","hentry","entry"],"_links":{"self":[{"href":"https:\/\/neuropsyphy.io\/index.php?rest_route=\/wp\/v2\/pages\/36","targetHints":{"allow":["GET"]}}],"collection":[{"href":"https:\/\/neuropsyphy.io\/index.php?rest_route=\/wp\/v2\/pages"}],"about":[{"href":"https:\/\/neuropsyphy.io\/index.php?rest_route=\/wp\/v2\/types\/page"}],"replies":[{"embeddable":true,"href":"https:\/\/neuropsyphy.io\/index.php?rest_route=%2Fwp%2Fv2%2Fcomments&post=36"}],"version-history":[{"count":27,"href":"https:\/\/neuropsyphy.io\/index.php?rest_route=\/wp\/v2\/pages\/36\/revisions"}],"predecessor-version":[{"id":29004,"href":"https:\/\/neuropsyphy.io\/index.php?rest_route=\/wp\/v2\/pages\/36\/revisions\/29004"}],"wp:attachment":[{"href":"https:\/\/neuropsyphy.io\/index.php?rest_route=%2Fwp%2Fv2%2Fmedia&parent=36"}],"curies":[{"name":"wp","href":"https:\/\/api.w.org\/{rel}","templated":true}]}}