{"id":28914,"date":"2025-11-06T19:28:16","date_gmt":"2025-11-06T18:28:16","guid":{"rendered":"https:\/\/neuropsyphy.io\/?page_id=28914"},"modified":"2026-01-26T16:05:53","modified_gmt":"2026-01-26T15:05:53","slug":"soutien-scolaire","status":"publish","type":"page","link":"https:\/\/neuropsyphy.io\/?page_id=28914","title":{"rendered":"Soutien scolaire"},"content":{"rendered":"\n<div class=\"wp-block-group alignwide has-small-font-size is-vertical is-layout-flex wp-container-core-group-is-layout-8cf370e7 wp-block-group-is-layout-flex\">\n<p>Je propose du soutien scolaire et cours \u00e0 domicile, principalement niveau Lyc\u00e9e\/Coll\u00e8ge. (pour les tarifs, voir en bas de page)<\/p>\n\n\n\n<p>Pour du soutien\/cours en pr\u00e9sentiel, je peux me d\u00e9placer sur la r\u00e9gion de Gex\/Divonne-les-Bains\/Ferney-Voltaire et alentours, et en Suisse aussi, de Gen\u00e8ve \u00e0 Nyon et alentours. Pour la r\u00e9gion de Colmar, possibilit\u00e9 pour certains week-ends ou les vacances scolaires.<\/p>\n\n\n\n<p>Pour du soutien\/cours en ligne, c&rsquo;est \u00e0 discuter et voir la demande, mais je ne suis pas un grand fan de ce syst\u00e8me.<\/p>\n\n\n\n<p>Toute personne int\u00e9ress\u00e9e peut aller sur la page <strong><a href=\"https:\/\/neuropsyphy.io\/?page_id=28948\" data-type=\"page\" data-id=\"28948\">Contact<\/a><\/strong>.<\/p>\n\n\n\n<p class=\"has-large-font-size\">\u00ab\u00a0<strong>Service \u00e0 la personne\u00a0\u00bb et r\u00e9duction fiscale<\/strong><\/p>\n\n\n\n<p>Au 24 nov. 2025 : Possibilit\u00e9 de r\u00e9cup\u00e9rer la moiti\u00e9 du prix de la prestation pour le cours \u00e0 domicile \/ soutien scolaire en pr\u00e9sentiel. Pour les personnes int\u00e9ress\u00e9es et r\u00e9sidants fiscaux en France, il y a la possibilit\u00e9 d&rsquo;obtenir les r\u00e9ductions fiscales pour \u00ab\u00a0Service \u00e0 la Personne\u00a0\u00bb (par exemple \u00e0 la d\u00e9claration fiscale annuelle, ou bien un remboursement de 50% du prix par l&rsquo;URSSAF) ; pour ceci, je suis adh\u00e9rent de adomSAP (voir www.adomsap.fr), ce qui permet d&rsquo;obtenir la r\u00e9duction fiscale (voir le site de la coop\u00e9rative ou me demander pour obtenir plus de d\u00e9tails).<\/p>\n\n\n\n<p class=\"has-dark-gray-color has-text-color has-link-color wp-elements-408bd6eddc0d9110d1c72eb7caa4a636\"><s><mark style=\"background-color:#767676\" class=\"has-inline-color has-dark-gray-color\">En cours de v\u00e9rification pour le label \u00ab\u00a0Service \u00e0 la Personne\u00a0\u00bb (SAP) pour b\u00e9n\u00e9ficier des avantages fiscaux en France, pour le soutien\/les cours en pr\u00e9sentiel \u00e0 domicile ou lieu proche (voir la r\u00e9glementation sur ce sujet).<\/mark><\/s> <s><mark style=\"background-color:#767676\" class=\"has-inline-color has-dark-gray-color\">Suivant la r\u00e9glementation, le label \u00ab\u00a0Service \u00e0 la Personne\u00a0\u00bb (SAP) ne m&rsquo;est pas attribuable pour 1 an, jusqu&rsquo;\u00e0 novembre 2026. (v\u00e9rifi\u00e9 le 11 nov. 2025)<\/mark><\/s><\/p>\n\n\n\n<p class=\"has-large-font-size\"><strong>Tarifs<\/strong><\/p>\n\n\n\n<ul class=\"wp-block-list\">\n<li>Jusqu&rsquo;au 14 f\u00e9vrier 2026 inclu : 30 euros\/heure ou s\u00e9ance; toute prestation \u00e0 venir avec devis \u00e9mis d&rsquo;ici cette date sera factur\u00e9 \u00e0 ce prix.<\/li>\n\n\n\n<li>\u00c0 partir du 15 f\u00e9vrier 2026 : 40 euros\/heure ou s\u00e9ance.<\/li>\n\n\n\n<li>Pour des prestations en Anglais ou en ligne : 60 euros\/heure.<\/li>\n<\/ul>\n<\/div>\n","protected":false},"excerpt":{"rendered":"<p>Je propose du soutien scolaire et cours \u00e0 domicile, principalement niveau Lyc\u00e9e\/Coll\u00e8ge. (pour les tarifs, voir en bas de page) Pour du soutien\/cours en pr\u00e9sentiel, je peux me d\u00e9placer sur la r\u00e9gion de Gex\/Divonne-les-Bains\/Ferney-Voltaire et alentours, et en Suisse aussi, de Gen\u00e8ve \u00e0 Nyon et alentours. Pour la r\u00e9gion de Colmar, possibilit\u00e9 pour certains week-ends &hellip; <\/p>\n<p class=\"link-more\"><a href=\"https:\/\/neuropsyphy.io\/?page_id=28914\" class=\"more-link\">Continuer la lecture <span class=\"screen-reader-text\"> \u00ab\u00a0Soutien scolaire\u00a0\u00bb<\/span><\/a><\/p>\n","protected":false},"author":1,"featured_media":0,"parent":0,"menu_order":0,"comment_status":"closed","ping_status":"closed","template":"","meta":{"footnotes":""},"class_list":["post-28914","page","type-page","status-publish","hentry","entry"],"_links":{"self":[{"href":"https:\/\/neuropsyphy.io\/index.php?rest_route=\/wp\/v2\/pages\/28914","targetHints":{"allow":["GET"]}}],"collection":[{"href":"https:\/\/neuropsyphy.io\/index.php?rest_route=\/wp\/v2\/pages"}],"about":[{"href":"https:\/\/neuropsyphy.io\/index.php?rest_route=\/wp\/v2\/types\/page"}],"author":[{"embeddable":true,"href":"https:\/\/neuropsyphy.io\/index.php?rest_route=\/wp\/v2\/users\/1"}],"replies":[{"embeddable":true,"href":"https:\/\/neuropsyphy.io\/index.php?rest_route=%2Fwp%2Fv2%2Fcomments&post=28914"}],"version-history":[{"count":21,"href":"https:\/\/neuropsyphy.io\/index.php?rest_route=\/wp\/v2\/pages\/28914\/revisions"}],"predecessor-version":[{"id":29011,"href":"https:\/\/neuropsyphy.io\/index.php?rest_route=\/wp\/v2\/pages\/28914\/revisions\/29011"}],"wp:attachment":[{"href":"https:\/\/neuropsyphy.io\/index.php?rest_route=%2Fwp%2Fv2%2Fmedia&parent=28914"}],"curies":[{"name":"wp","href":"https:\/\/api.w.org\/{rel}","templated":true}]}}