{"id":28887,"date":"2021-05-05T14:13:56","date_gmt":"2021-05-05T12:13:56","guid":{"rendered":"https:\/\/neuropsyphy.io\/?page_id=28887"},"modified":"2025-11-15T00:13:18","modified_gmt":"2025-11-14T23:13:18","slug":"mentions-legales","status":"publish","type":"page","link":"https:\/\/neuropsyphy.io\/?page_id=28887","title":{"rendered":"Mentions l\u00e9gales"},"content":{"rendered":"\n<pre class=\"wp-block-preformatted\">NEUROPSYPHY<br>TZVETANOV Tzvetomir EI<br>SIREN895203412<br>T\u00e9l.+33769166611<br>email: contact [chez] neuropsyphy.io<br>Adresse de domiciliation : Mail Boxes Etc. 2698, 8 rue Curie, 68000 COLMAR (en cours)<br>Responsable de publication: Tzvetomir Tzvetanov<br><\/pre>\n\n\n\n<pre class=\"wp-block-preformatted\">H\u00e9bergement\nInfomaniak\nGen\u00e8ve\n25 Eug\u00e8ne-Marziano\n1227 Les Acacias\nsite web: https:\/\/www.infomaniak.com\/fr<\/pre>\n","protected":false},"excerpt":{"rendered":"<p>NEUROPSYPHYTZVETANOV Tzvetomir EISIREN895203412T\u00e9l.+33769166611email: contact [chez] neuropsyphy.ioAdresse de domiciliation : Mail Boxes Etc. 2698, 8 rue Curie, 68000 COLMAR (en cours)Responsable de publication: Tzvetomir Tzvetanov H\u00e9bergement Infomaniak Gen\u00e8ve 25 Eug\u00e8ne-Marziano 1227 Les Acacias site web: https:\/\/www.infomaniak.com\/fr<\/p>\n","protected":false},"author":1,"featured_media":0,"parent":0,"menu_order":0,"comment_status":"closed","ping_status":"closed","template":"","meta":{"footnotes":""},"class_list":["post-28887","page","type-page","status-publish","hentry","entry"],"_links":{"self":[{"href":"https:\/\/neuropsyphy.io\/index.php?rest_route=\/wp\/v2\/pages\/28887","targetHints":{"allow":["GET"]}}],"collection":[{"href":"https:\/\/neuropsyphy.io\/index.php?rest_route=\/wp\/v2\/pages"}],"about":[{"href":"https:\/\/neuropsyphy.io\/index.php?rest_route=\/wp\/v2\/types\/page"}],"author":[{"embeddable":true,"href":"https:\/\/neuropsyphy.io\/index.php?rest_route=\/wp\/v2\/users\/1"}],"replies":[{"embeddable":true,"href":"https:\/\/neuropsyphy.io\/index.php?rest_route=%2Fwp%2Fv2%2Fcomments&post=28887"}],"version-history":[{"count":13,"href":"https:\/\/neuropsyphy.io\/index.php?rest_route=\/wp\/v2\/pages\/28887\/revisions"}],"predecessor-version":[{"id":28969,"href":"https:\/\/neuropsyphy.io\/index.php?rest_route=\/wp\/v2\/pages\/28887\/revisions\/28969"}],"wp:attachment":[{"href":"https:\/\/neuropsyphy.io\/index.php?rest_route=%2Fwp%2Fv2%2Fmedia&parent=28887"}],"curies":[{"name":"wp","href":"https:\/\/api.w.org\/{rel}","templated":true}]}}