{"id":28879,"date":"2020-09-01T17:51:28","date_gmt":"2020-09-01T15:51:28","guid":{"rendered":"https:\/\/neuropsyphy.io\/?page_id=28879"},"modified":"2025-11-24T22:28:14","modified_gmt":"2025-11-24T21:28:14","slug":"contact","status":"publish","type":"page","link":"https:\/\/neuropsyphy.io\/?page_id=28879","title":{"rendered":"Prestations scientifiques"},"content":{"rendered":"\n<div class=\"wp-block-group alignwide is-vertical is-layout-flex wp-container-core-group-is-layout-8cf370e7 wp-block-group-is-layout-flex\">\n<div class=\"wp-block-group alignwide has-small-font-size is-content-justification-left is-nowrap is-layout-flex wp-container-core-group-is-layout-f56a869c wp-block-group-is-layout-flex\">\n<p class=\"has-small-font-size\">Je propose des prestations sur les sujets :<\/p>\n<\/div>\n\n\n\n<div class=\"wp-block-group alignwide has-small-font-size is-content-justification-left is-nowrap is-layout-flex wp-container-core-group-is-layout-f56a869c wp-block-group-is-layout-flex\">\n<p class=\"has-small-font-size\">Conseils scientifiques et techniques ; analyses de donn\u00e9es ; mod\u00e9lisation de donn\u00e9es et statistiques ; mod\u00e9lisation de syst\u00e8mes ; psychologie sensorielle : exp\u00e9rimentation, instrumentation et mod\u00e9lisation ; recherche et d\u00e9veloppement.<\/p>\n<\/div>\n\n\n\n<div class=\"wp-block-group alignwide has-small-font-size is-content-justification-left is-nowrap is-layout-flex wp-container-core-group-is-layout-f56a869c wp-block-group-is-layout-flex\">\n<p class=\"has-small-font-size\">Pour toute demande, merci d&rsquo;aller sur la page <strong><a href=\"https:\/\/neuropsyphy.io\/?page_id=28948\" data-type=\"page\" data-id=\"28948\">Contact<\/a><\/strong>.<\/p>\n<\/div>\n\n\n\n<div class=\"wp-block-group alignwide has-small-font-size is-content-justification-left is-nowrap is-layout-flex wp-container-core-group-is-layout-f56a869c wp-block-group-is-layout-flex\">\n<p class=\"has-small-font-size\">Pour mon curriculum scientifique, voir : https:\/\/orcid.org\/0000-0002-2553-4741<\/p>\n<\/div>\n<\/div>\n","protected":false},"excerpt":{"rendered":"<p>Je propose des prestations sur les sujets : Conseils scientifiques et techniques ; analyses de donn\u00e9es ; mod\u00e9lisation de donn\u00e9es et statistiques ; mod\u00e9lisation de syst\u00e8mes ; psychologie sensorielle : exp\u00e9rimentation, instrumentation et mod\u00e9lisation ; recherche et d\u00e9veloppement. Pour toute demande, merci d&rsquo;aller sur la page Contact. Pour mon curriculum scientifique, voir : https:\/\/orcid.org\/0000-0002-2553-4741<\/p>\n","protected":false},"author":1,"featured_media":0,"parent":0,"menu_order":0,"comment_status":"closed","ping_status":"closed","template":"","meta":{"footnotes":""},"class_list":["post-28879","page","type-page","status-publish","hentry","entry"],"_links":{"self":[{"href":"https:\/\/neuropsyphy.io\/index.php?rest_route=\/wp\/v2\/pages\/28879","targetHints":{"allow":["GET"]}}],"collection":[{"href":"https:\/\/neuropsyphy.io\/index.php?rest_route=\/wp\/v2\/pages"}],"about":[{"href":"https:\/\/neuropsyphy.io\/index.php?rest_route=\/wp\/v2\/types\/page"}],"author":[{"embeddable":true,"href":"https:\/\/neuropsyphy.io\/index.php?rest_route=\/wp\/v2\/users\/1"}],"replies":[{"embeddable":true,"href":"https:\/\/neuropsyphy.io\/index.php?rest_route=%2Fwp%2Fv2%2Fcomments&post=28879"}],"version-history":[{"count":15,"href":"https:\/\/neuropsyphy.io\/index.php?rest_route=\/wp\/v2\/pages\/28879\/revisions"}],"predecessor-version":[{"id":28993,"href":"https:\/\/neuropsyphy.io\/index.php?rest_route=\/wp\/v2\/pages\/28879\/revisions\/28993"}],"wp:attachment":[{"href":"https:\/\/neuropsyphy.io\/index.php?rest_route=%2Fwp%2Fv2%2Fmedia&parent=28879"}],"curies":[{"name":"wp","href":"https:\/\/api.w.org\/{rel}","templated":true}]}}